{"id":2036,"date":"2023-03-04T13:14:41","date_gmt":"2023-03-04T16:14:41","guid":{"rendered":"https:\/\/qtotal.com.br\/?page_id=2036"},"modified":"2023-04-12T08:59:03","modified_gmt":"2023-04-12T11:59:03","slug":"gestao-e-operacao-de-farmacias-e-drogarias","status":"publish","type":"page","link":"https:\/\/qtotal.com.br\/index.php\/gestao-e-operacao-de-farmacias-e-drogarias\/","title":{"rendered":"GEST\u00c3O E OPERA\u00c7\u00c3O DE FARM\u00c1CIAS E DROGARIAS"},"content":{"rendered":"\t\t<div data-elementor-type=\"wp-page\" data-elementor-id=\"2036\" class=\"elementor elementor-2036\">\n\t\t\t\t\t\t\t\t\t<section class=\"elementor-section elementor-top-section elementor-element elementor-element-88807b6 elementor-section-boxed elementor-section-height-default elementor-section-height-default\" data-id=\"88807b6\" data-element_type=\"section\">\n\t\t\t\t\t\t<div class=\"elementor-container elementor-column-gap-default\">\n\t\t\t\t\t<div class=\"elementor-column elementor-col-50 elementor-top-column elementor-element elementor-element-4e2f3b7\" data-id=\"4e2f3b7\" data-element_type=\"column\">\n\t\t\t<div class=\"elementor-widget-wrap elementor-element-populated\">\n\t\t\t\t\t\t\t\t<div class=\"elementor-element elementor-element-774cac13 elementor-widget elementor-widget-text-editor\" data-id=\"774cac13\" data-element_type=\"widget\" data-widget_type=\"text-editor.default\">\n\t\t\t\t<div class=\"elementor-widget-container\">\n\t\t\t<style>\/*! elementor - v3.10.2 - 29-01-2023 *\/\n.elementor-widget-text-editor.elementor-drop-cap-view-stacked .elementor-drop-cap{background-color:#818a91;color:#fff}.elementor-widget-text-editor.elementor-drop-cap-view-framed .elementor-drop-cap{color:#818a91;border:3px solid;background-color:transparent}.elementor-widget-text-editor:not(.elementor-drop-cap-view-default) .elementor-drop-cap{margin-top:8px}.elementor-widget-text-editor:not(.elementor-drop-cap-view-default) .elementor-drop-cap-letter{width:1em;height:1em}.elementor-widget-text-editor .elementor-drop-cap{float:left;text-align:center;line-height:1;font-size:50px}.elementor-widget-text-editor .elementor-drop-cap-letter{display:inline-block}<\/style>\t\t\t\t<p><!-- wp:paragraph --><\/p>\n<p style=\"text-align: justify;\">Para acompanhar a mudan\u00e7a estrutural do mercado de consumo e da sociedade em geral, o setor farmac\u00eautico vem exigindo constantes mudan\u00e7as, n\u00e3o s\u00f3 nas opera\u00e7\u00f5es dos PDVs, mas&nbsp;tamb\u00e9m nas atividades de abastecimento e gest\u00e3o de estoques, gest\u00e3o financeira, estre outras&nbsp;atividades de apoio que afetam decisivamente o resultado da empresa.<\/p>\n<p style=\"text-align: justify;\">A Qtotal tem larga experi\u00eancia em processos de opera\u00e7\u00e3o e gest\u00e3o de farm\u00e1cias e drogarias e&nbsp;disp\u00f5e de uma equipe de profissionais de alto n\u00edvel, preparada para prestar servi\u00e7os de&nbsp;outsourcing e\/ou de consultoria em opera\u00e7\u00e3o e gest\u00e3o dessas unidades empresariais.<\/p>\n<p style=\"text-align: justify;\"><b>Servi\u00e7os de outsourcing e\/ou mentoria<br><\/b><b><br>BPO Financeiro<\/b> \u2013 Opera\u00e7\u00e3o do setor financeiro, envolvendo as atividades de contas a pagar,&nbsp;contas a receber, pagamentos, conv\u00eanios, concilia\u00e7\u00e3o banc\u00e1ria etc.<\/p>\n<p style=\"text-align: justify;\"><b>Relat\u00f3rio Release de Resultado <\/b>\u2013 Relat\u00f3rio trimestral contendo an\u00e1lise do desempenho&nbsp;econ\u00f4mico e financeiro da empresa com base em indicadores de mercado e demonstra\u00e7\u00f5es&nbsp;financeiras BP, DRE e DFC.<br><b><br>Compras<\/b> \u2013 Atividade de compras profissionalizada, realizada com aux\u00edlio de sistema de ERP&nbsp;capaz de identificar o comportamento das demandas de consumo para a forma\u00e7\u00e3o dos pedidos&nbsp;de reposi\u00e7\u00e3o dos produtos vendidos; concilia\u00e7\u00e3o autom\u00e1tica para garantir a ader\u00eancia do&nbsp;retorno do pedido por parte dos fornecedores, compras planejadas que n\u00e3o podem ser&nbsp;realizadas por demanda probabil\u00edstica, acompanhamento de produtos sem movimenta\u00e7\u00e3o entre&nbsp;outras atividades indispens\u00e1veis para evitar preju\u00edzos financeiros para empresa.<br><b><br>Opera\u00e7\u00e3o de PDV<\/b> \u2013 Atividades que envolvem a rotina operacional do PDV, compreendendo as atividades de abertura e fechamento da loja, atendimento ao cliente, invent\u00e1rio de estoque,&nbsp;recebimento e devolu\u00e7\u00e3o de mercadorias, organiza\u00e7\u00e3o e controle da documenta\u00e7\u00e3o dos&nbsp;funcion\u00e1rios, documenta\u00e7\u00e3o fiscal, CRF, ANVISA, controle dos medicamentos controlados,&nbsp;relacionamento com compras, fechamento dos caixas etc.<br><\/p>\n<p style=\"text-align: justify;\"><span style=\"font-weight: bold;\">Recrutamento e Sele\u00e7\u00e3o (R&amp;S)&nbsp;<\/span>&#8211; Recrutamento e sele\u00e7\u00e3o aderente ao perfil profissional e caracter\u00edstica do cargo, com apoio de Banco de Talentos pr\u00f3prio, contendo informa\u00e7\u00f5es pessoais e avalia\u00e7\u00f5es de compet\u00eancias dos candidatos, o que possibilita agilidade e assertividade nas contrata\u00e7\u00f5es.&nbsp;<\/p>\n<p><b>Servi\u00e7os sob Gest\u00e3o<br><\/b>Servi\u00e7os gerenciados pela Qtotal que s\u00e3o prestados por fornecedores terceirizados qualificados:<br><\/p>\n<ul>\n<li>Gest\u00e3o dos Servi\u00e7os Jur\u00eddicos<\/li>\n<li>Gest\u00e3o dos Softwares (Big \/ Alpha 7)<br><\/li>\n<li>Gest\u00e3o dos servi\u00e7os de regulat\u00f3rio (CRF e Anvisa)<\/li>\n<li>Gest\u00e3o dos servi\u00e7os de Ar-condicionado \/ El\u00e9trica<\/li>\n<li>Gest\u00e3o dos servi\u00e7os de Contabilidade<\/li>\n<\/ul>\n<p><!-- \/wp:paragraph --><\/p>\t\t\t\t\t\t<\/div>\n\t\t\t\t<\/div>\n\t\t\t\t\t<\/div>\n\t\t<\/div>\n\t\t\t\t<div class=\"elementor-column elementor-col-50 elementor-top-column elementor-element elementor-element-fa54062\" data-id=\"fa54062\" data-element_type=\"column\">\n\t\t\t<div class=\"elementor-widget-wrap elementor-element-populated\">\n\t\t\t\t\t\t\t\t<div class=\"elementor-element elementor-element-a4a817f elementor-align-justify elementor-widget elementor-widget-button\" data-id=\"a4a817f\" data-element_type=\"widget\" data-widget_type=\"button.default\">\n\t\t\t\t<div class=\"elementor-widget-container\">\n\t\t\t\t\t<div class=\"elementor-button-wrapper\">\n\t\t\t<a href=\"https:\/\/qtotal.com.br\/index.php\/#servico1\" class=\"elementor-button-link elementor-button elementor-size-sm\" role=\"button\">\n\t\t\t\t\t\t<span class=\"elementor-button-content-wrapper\">\n\t\t\t\t\t\t\t<span class=\"elementor-button-icon elementor-align-icon-left\">\n\t\t\t\t<i aria-hidden=\"true\" class=\"far fa-arrow-alt-circle-left\"><\/i>\t\t\t<\/span>\n\t\t\t\t\t\t<span class=\"elementor-button-text\">Voltar<\/span>\n\t\t<\/span>\n\t\t\t\t\t<\/a>\n\t\t<\/div>\n\t\t\t\t<\/div>\n\t\t\t\t<\/div>\n\t\t\t\t<div class=\"elementor-element elementor-element-9fa1f82 elementor-widget elementor-widget-image\" data-id=\"9fa1f82\" data-element_type=\"widget\" data-widget_type=\"image.default\">\n\t\t\t\t<div class=\"elementor-widget-container\">\n\t\t\t<style>\/*! elementor - v3.10.2 - 29-01-2023 *\/\n.elementor-widget-image{text-align:center}.elementor-widget-image a{display:inline-block}.elementor-widget-image a img[src$=\".svg\"]{width:48px}.elementor-widget-image img{vertical-align:middle;display:inline-block}<\/style>\t\t\t\t\t\t\t\t\t\t\t\t<img decoding=\"async\" width=\"800\" height=\"450\" src=\"https:\/\/qtotal.com.br\/wp-content\/uploads\/2023\/03\/gestao-farmaceutica-1024x576.jpg\" class=\"attachment-large size-large wp-image-2239\" alt=\"\" loading=\"lazy\" srcset=\"https:\/\/qtotal.com.br\/wp-content\/uploads\/2023\/03\/gestao-farmaceutica-1024x576.jpg 1024w, https:\/\/qtotal.com.br\/wp-content\/uploads\/2023\/03\/gestao-farmaceutica-600x338.jpg 600w, https:\/\/qtotal.com.br\/wp-content\/uploads\/2023\/03\/gestao-farmaceutica-300x169.jpg 300w, https:\/\/qtotal.com.br\/wp-content\/uploads\/2023\/03\/gestao-farmaceutica-768x432.jpg 768w, https:\/\/qtotal.com.br\/wp-content\/uploads\/2023\/03\/gestao-farmaceutica-1536x864.jpg 1536w, https:\/\/qtotal.com.br\/wp-content\/uploads\/2023\/03\/gestao-farmaceutica.jpg 1920w\" sizes=\"(max-width: 800px) 100vw, 800px\" \/>\t\t\t\t\t\t\t\t\t\t\t\t\t\t\t<\/div>\n\t\t\t\t<\/div>\n\t\t\t\t<div class=\"elementor-element elementor-element-61a9d18 elementor-align-justify elementor-widget elementor-widget-button\" data-id=\"61a9d18\" data-element_type=\"widget\" data-widget_type=\"button.default\">\n\t\t\t\t<div class=\"elementor-widget-container\">\n\t\t\t\t\t<div class=\"elementor-button-wrapper\">\n\t\t\t<a href=\"#colophon\" class=\"elementor-button-link elementor-button elementor-size-sm\" role=\"button\">\n\t\t\t\t\t\t<span class=\"elementor-button-content-wrapper\">\n\t\t\t\t\t\t\t<span class=\"elementor-button-icon elementor-align-icon-left\">\n\t\t\t\t<i aria-hidden=\"true\" class=\"far fa-arrow-alt-circle-down\"><\/i>\t\t\t<\/span>\n\t\t\t\t\t\t<span class=\"elementor-button-text\">Fale Conosco<\/span>\n\t\t<\/span>\n\t\t\t\t\t<\/a>\n\t\t<\/div>\n\t\t\t\t<\/div>\n\t\t\t\t<\/div>\n\t\t\t\t\t<\/div>\n\t\t<\/div>\n\t\t\t\t\t\t\t<\/div>\n\t\t<\/section>\n\t\t\t\t\t\t\t<\/div>\n\t\t","protected":false},"excerpt":{"rendered":"<p>Para acompanhar a mudan\u00e7a estrutural do mercado de consumo e da sociedade em geral, o setor farmac\u00eautico vem exigindo constantes mudan\u00e7as, n\u00e3o s\u00f3 nas opera\u00e7\u00f5es dos PDVs, mas&nbsp;tamb\u00e9m nas atividades &#8230;<\/p>\n","protected":false},"author":1,"featured_media":0,"parent":0,"menu_order":0,"comment_status":"closed","ping_status":"closed","template":"","meta":[],"_links":{"self":[{"href":"https:\/\/qtotal.com.br\/index.php\/wp-json\/wp\/v2\/pages\/2036"}],"collection":[{"href":"https:\/\/qtotal.com.br\/index.php\/wp-json\/wp\/v2\/pages"}],"about":[{"href":"https:\/\/qtotal.com.br\/index.php\/wp-json\/wp\/v2\/types\/page"}],"author":[{"embeddable":true,"href":"https:\/\/qtotal.com.br\/index.php\/wp-json\/wp\/v2\/users\/1"}],"replies":[{"embeddable":true,"href":"https:\/\/qtotal.com.br\/index.php\/wp-json\/wp\/v2\/comments?post=2036"}],"version-history":[{"count":31,"href":"https:\/\/qtotal.com.br\/index.php\/wp-json\/wp\/v2\/pages\/2036\/revisions"}],"predecessor-version":[{"id":2354,"href":"https:\/\/qtotal.com.br\/index.php\/wp-json\/wp\/v2\/pages\/2036\/revisions\/2354"}],"wp:attachment":[{"href":"https:\/\/qtotal.com.br\/index.php\/wp-json\/wp\/v2\/media?parent=2036"}],"curies":[{"name":"wp","href":"https:\/\/api.w.org\/{rel}","templated":true}]}}